{"id":3901,"date":"2025-06-12T15:47:53","date_gmt":"2025-06-12T13:47:53","guid":{"rendered":"https:\/\/rqxyq.beeweb-yellow.io\/produkt\/spiralslang-2m-bla-med-r1-4-ansl-polyuretanror-pu\/"},"modified":"2025-12-15T19:37:36","modified_gmt":"2025-12-15T18:37:36","slug":"spiralslang-2m-bla-med-r1-4-ansl-polyuretanror-pu","status":"publish","type":"product","link":"https:\/\/stabe.se\/en\/product\/spiralslang-2m-bla-med-r1-4-ansl-polyuretanror-pu\/","title":{"rendered":"Spiral hose 2m, blue, with R1\/4 connection polyurethane (PU) pipe"},"content":{"rendered":"<p>Den lilla spoldiametern och goda slagt\u00e5ligheten inneb\u00e4r att denna spiralslang av polyuretan passar perfekt f\u00f6r monteringar som kr\u00e4ver flexibilitet i tr\u00e5nga utrymmen.<\/p>\n<p>God motst\u00e5ndskraft mot st\u00f6tar och n\u00f6tning plus en konstruktion med raka \u00e4ndar inneb\u00e4r att den pneumatiska utrustningen kan anv\u00e4ndas p\u00e5 ett enkelt och s\u00e4kert s\u00e4tt.<\/p>\n<p>Features\/benefits:<\/p>\n<p>\u2013 Utm\u00e4rkta mekaniska egenskaper<\/p>\n<p>- Excellent coil memory<br \/>- Abrasion resistant<br \/>\u2022 Perfekt f\u00f6r till\u00e4mpningar med h\u00f6ga omloppstider<br \/>- Consistent tensile strength<br \/>- Optimal lifetime<br \/>- Low pressure drop<br \/>\u2022 L\u00e5g vikt tack vare en skyddande fj\u00e4der av plast<br \/>- Silicone-free<\/p>\n<p>\u2013 Ett omfattande utbud<\/p>\n<p>- Available in two materials: PU ester and PU ether<br \/>\u2022 Med eller utan f\u00f6rmonterade kopplingar<br \/>\u2022 F\u00f6rmonterade fj\u00e4drar av plast eller metall som skyddar mot utrustnings- och r\u00f6rskador <\/p>\n<p>Markets:<\/p>\n<p>- Machine tools<br \/>\u2022 Prim\u00e4r metallraffinering och -bearbetning<br \/>- Miscellaneous manufacturing<br \/>- Car factories<br \/>- Transport<\/p>\n<p>Applications:<\/p>\n<p>\u2022 Trycklufts- och sm\u00f6rjmedelstransport<br \/>- Maintenance workshop<br \/>- Industrial cleaning<br \/>- Car wash<br \/>- Power tools<\/p>\n<p>Technician:<\/p>\n<p>- PU pipework<br \/>- Polyurethane tubes<br \/>\u2022 Spiralslang<br \/>- Industrial pipes<\/p>\n<p>Technical characteristics:<\/p>\n<p>- Liquids: Compressed air<br \/>- Material: Polyurethane (52 Shore D)<br \/>\u2022 Arbetstryck: 0 till 10 bar<br \/>\u2022 Temperatur: \u201320 \u00b0C till +70 \u00b0C (monterat r\u00f6r) <\/p>\n<p>Regulations<\/p>\n<p>Industry<br \/>- NF E49-101<br \/>- DI: 2002\/95\/EC (RoHS) 2011\/65\/EC<br \/>- DI: 97\/23\/EC (PED)<br \/>- RG: 1907\/2006 (REACH)<\/p>\n<p>Product types:<\/p>\n<p>\u2022 Spiralslangar av polyuretanester (PU) <br \/>\u2022 Spiralslangar av polyuretaneter (PU) <br \/>\u2022 Instickskoppling med skyddande fj\u00e4der<\/p>","protected":false},"excerpt":{"rendered":"<p>Spiral hose 2m, blue, with R1\/4 connection polyurethane (PU) pipe<\/p>","protected":false},"featured_media":14488,"template":"","meta":{"_acf_changed":false},"product_brand":[],"product_cat":[1568,1638],"product_tag":[],"class_list":{"0":"post-3901","1":"product","2":"type-product","3":"status-publish","4":"has-post-thumbnail","6":"product_cat-pneumatik-industri","7":"product_cat-slang","9":"first","10":"outofstock","11":"taxable","12":"shipping-taxable","13":"product-type-simple"},"acf":[],"_links":{"self":[{"href":"https:\/\/stabe.se\/en\/wp-json\/wp\/v2\/product\/3901","targetHints":{"allow":["GET"]}}],"collection":[{"href":"https:\/\/stabe.se\/en\/wp-json\/wp\/v2\/product"}],"about":[{"href":"https:\/\/stabe.se\/en\/wp-json\/wp\/v2\/types\/product"}],"wp:featuredmedia":[{"embeddable":true,"href":"https:\/\/stabe.se\/en\/wp-json\/wp\/v2\/media\/14488"}],"wp:attachment":[{"href":"https:\/\/stabe.se\/en\/wp-json\/wp\/v2\/media?parent=3901"}],"wp:term":[{"taxonomy":"product_brand","embeddable":true,"href":"https:\/\/stabe.se\/en\/wp-json\/wp\/v2\/product_brand?post=3901"},{"taxonomy":"product_cat","embeddable":true,"href":"https:\/\/stabe.se\/en\/wp-json\/wp\/v2\/product_cat?post=3901"},{"taxonomy":"product_tag","embeddable":true,"href":"https:\/\/stabe.se\/en\/wp-json\/wp\/v2\/product_tag?post=3901"}],"curies":[{"name":"wp","href":"https:\/\/api.w.org\/{rel}","templated":true}]}}