{"id":3900,"date":"2025-06-12T15:46:09","date_gmt":"2025-06-12T13:46:09","guid":{"rendered":"https:\/\/rqxyq.beeweb-yellow.io\/produkt\/spiralslang-2m-bla-med-r1-4-ansl-polyamidslang-pa\/"},"modified":"2025-12-15T19:37:38","modified_gmt":"2025-12-15T18:37:38","slug":"spiralslang-2m-bla-med-r1-4-ansl-polyamidslang-pa","status":"publish","type":"product","link":"https:\/\/stabe.se\/en\/product\/spiralslang-2m-bla-med-r1-4-ansl-polyamidslang-pa\/","title":{"rendered":"Coil hose 2m, blue, with R1\/4 connected polyamide hose (PA)"},"content":{"rendered":"<p>Parker Legris spiralslangar kan anv\u00e4ndas g\u00e5ng p\u00e5 g\u00e5ng som ett alternativ till rullar med utm\u00e4rkt ergonomi och utrymmesbesparing som f\u00f6ljd.<\/p>\n<p>De f\u00f6rmonterade r\u00f6ren har en skyddande fj\u00e4der som f\u00f6rhindrar skada i \u00e4ndarna.<\/p>\n<p>Features\/benefits:<\/p>\n<p>\u2013 Utm\u00e4rkta mekaniska egenskaper<\/p>\n<p>- Low pressure drop<br \/>- Good chemical compatibility<br \/>- Self-abstraction<br \/>\u2022 Samma tekniska prestanda som PA-r\u00f6r<br \/>- Silicone-free<\/p>\n<p>\u2013 Ett omfattande utbud<\/p>\n<p>- Ready to use<br \/>\u2022 Identifiering av kretsar med hj\u00e4lp av olika f\u00e4rger<br \/>\u2022 Finns med f\u00f6rmonterade kopplingar<\/p>\n<p>Markets:<\/p>\n<p>- Machine tools<br \/>\u2022 Prim\u00e4r metallaffinering och -bearbetning<br \/>- Miscellaneous manufacturing<br \/>- Car factories<br \/>- Transport<\/p>\n<p>Applications:<\/p>\n<p>\u2022 Trycklufts- och sm\u00f6rjmedelstransport<br \/>- Maintenance workshop<br \/>- Industrial cleaning<br \/>- Car wash<br \/>- Power tools<\/p>\n<p>Technician:<\/p>\n<p>- Polyamide tubes<br \/>- PA tubes<br \/>\u2022 Spiralslang<br \/>- Industrial pipes<\/p>\n<p>Technical characteristics:<\/p>\n<p>\u2022 V\u00e4tskor: Tryckluft, sm\u00f6rjmedel, andra v\u00e4tskor: kontakta oss<br \/>- Material: Polyamide (68 Shore D)<br \/>- Working pressure: Vacuum to 20 bar<br \/>- Temperature: -20 \u00b0C to +80 \u00b0C<\/p>\n<p>Regulations<\/p>\n<p>- DI: 97\/23\/EC (PED)<br \/>- RG: 1907\/2006 (REACH)<br \/>- DI: 2002\/95\/EC (RoHS) 2011\/65\/EC<\/p>\n<p>Product types:<\/p>\n<p>\u2022 Spiralslang av polyamid (PA)<\/p>","protected":false},"excerpt":{"rendered":"<p>Coil hose 2m, blue, with R1\/4 connected polyamide hose (PA)<\/p>","protected":false},"featured_media":14488,"template":"","meta":{"_acf_changed":false},"product_brand":[],"product_cat":[1568,1638],"product_tag":[],"class_list":{"0":"post-3900","1":"product","2":"type-product","3":"status-publish","4":"has-post-thumbnail","6":"product_cat-pneumatik-industri","7":"product_cat-slang","9":"first","10":"outofstock","11":"taxable","12":"shipping-taxable","13":"product-type-simple"},"acf":[],"_links":{"self":[{"href":"https:\/\/stabe.se\/en\/wp-json\/wp\/v2\/product\/3900","targetHints":{"allow":["GET"]}}],"collection":[{"href":"https:\/\/stabe.se\/en\/wp-json\/wp\/v2\/product"}],"about":[{"href":"https:\/\/stabe.se\/en\/wp-json\/wp\/v2\/types\/product"}],"wp:featuredmedia":[{"embeddable":true,"href":"https:\/\/stabe.se\/en\/wp-json\/wp\/v2\/media\/14488"}],"wp:attachment":[{"href":"https:\/\/stabe.se\/en\/wp-json\/wp\/v2\/media?parent=3900"}],"wp:term":[{"taxonomy":"product_brand","embeddable":true,"href":"https:\/\/stabe.se\/en\/wp-json\/wp\/v2\/product_brand?post=3900"},{"taxonomy":"product_cat","embeddable":true,"href":"https:\/\/stabe.se\/en\/wp-json\/wp\/v2\/product_cat?post=3900"},{"taxonomy":"product_tag","embeddable":true,"href":"https:\/\/stabe.se\/en\/wp-json\/wp\/v2\/product_tag?post=3900"}],"curies":[{"name":"wp","href":"https:\/\/api.w.org\/{rel}","templated":true}]}}