{"id":3893,"date":"2025-06-12T15:45:09","date_gmt":"2025-06-12T13:45:09","guid":{"rendered":"https:\/\/rqxyq.beeweb-yellow.io\/produkt\/pu-6x4mm-bla-legris-100m\/"},"modified":"2025-12-15T19:37:57","modified_gmt":"2025-12-15T18:37:57","slug":"pu-6x4mm-bla-legris-100m","status":"publish","type":"product","link":"https:\/\/stabe.se\/en\/product\/pu-6x4mm-bla-legris-100m\/","title":{"rendered":"PU 6X4mm, Blue (Legris) 100m"},"content":{"rendered":"<p>Polyuretanets 3 specifika material \u2013 eter, ester och livsmedelsklassade &#8221;kristaller&#8221; \u2013 ger utm\u00e4rkt flexibilitet och enast\u00e5ende anv\u00e4ndning i en rad olika till\u00e4mpningar som ger upp till 50\u00a0% minskat utrymmesbehov j\u00e4mf\u00f6rt med halvstyva PA-r\u00f6r.<\/p>\n<p>Features\/benefits:<\/p>\n<p>\u2013 Utm\u00e4rkta mekaniska egenskaper<\/p>\n<p>- Consistent tensile strength for optimal service life<br \/>- Optimal bending radius<br \/>- Good vibration damping<br \/>\u2022 O\u00f6vertr\u00e4ffad slitt\u00e5lighet f\u00f6r en r\u00f6rledning med ett lager<br \/>\u2022 UV-best\u00e4ndig<br \/>- Superior vacuum capacity thanks to surface hardness<br \/>- Length marking that does not disappear<br \/>- Silicone-free<\/p>\n<p>\u2013 Tre materialklasser<\/p>\n<p>\u2022 PU-ester: perfekt f\u00f6r pneumatiska till\u00e4mpningar<br \/>\u2022 PU-eter: ingen vattenabsorption, \u00f6verl\u00e4gsen kemisk best\u00e4ndighet j\u00e4mf\u00f6rt med PU-ester<br \/>\u2022 PU-eter livsmedelsklassade &#8221;kristaller&#8221;:<br \/>identification of liquids and circuits<br \/>kemisk best\u00e4ndighet som \u00e4r \u00f6verl\u00e4gsen j\u00e4mf\u00f6rt med PU-eter<br \/>\u00f6kad livsl\u00e4ngd<\/p>\n<p>Markets:<\/p>\n<p>- Food products<br \/>- Miscellaneous manufacturing<br \/>- Factory automation<br \/>- Car factories<\/p>\n<p>Applications:<\/p>\n<p>\u2022 Tryckluftsmatning och industriell v\u00e4tskematning<br \/>\u2022 Pneumatiska standardtill\u00e4mpningar som kr\u00e4ver snabba cykler<br \/>\u2022 Till\u00e4mpningar som uts\u00e4tts f\u00f6r vatten och h\u00f6g fuktighet (PU-eter)<br \/>- Suitable for vacuum applications<\/p>\n<p>Technician:<\/p>\n<p>- PU pipework<br \/>- Polyurethane tubes<br \/>- Industrial pipes<\/p>\n<p>Technical characteristics:<\/p>\n<p>\u2022 V\u00e4tskor: Tryckluft, industriella v\u00e4tskor (beroende p\u00e5 typen av material)<br \/>\u2022 Material: Polyuretanester, polyuretaneter, polyuretaneter livsmedelsklassade &#8221;kristaller&#8221;<br \/>\u2022 Arbetstryck: Vakuum till 12 bar<br \/>- Temperature: -20 \u00b0C to +70 \u00b0C<\/p>\n<p>Regulations<\/p>\n<p>Industry<br \/>- DI: 2002\/95\/EC (RoHS) 2011\/65\/EC<br \/>- DI: 97\/23\/EC (PED)<br \/>- RG: 1907\/2006 (REACH)<br \/>Livsmedel (PU-eter livsmedelsklassade &#8221;kristaller&#8221;)<br \/>- FDA: 21 CFR 177.2600, 178.3297, 176.170, 178.2010<br \/>- RG: 1935\/2004 EG<\/p>\n<p>Product types:<\/p>\n<p>\u2022 R\u00f6r av polyuretanester <br \/>\u2022 R\u00f6r av polyuretaneter<\/p>","protected":false},"excerpt":{"rendered":"<p>PU 6X4mm, Blue (Legris) 100m<\/p>","protected":false},"featured_media":10116,"template":"","meta":{"_acf_changed":false},"product_brand":[],"product_cat":[1568,1638],"product_tag":[],"class_list":{"0":"post-3893","1":"product","2":"type-product","3":"status-publish","4":"has-post-thumbnail","6":"product_cat-pneumatik-industri","7":"product_cat-slang","9":"first","10":"outofstock","11":"taxable","12":"shipping-taxable","13":"product-type-simple"},"acf":[],"_links":{"self":[{"href":"https:\/\/stabe.se\/en\/wp-json\/wp\/v2\/product\/3893","targetHints":{"allow":["GET"]}}],"collection":[{"href":"https:\/\/stabe.se\/en\/wp-json\/wp\/v2\/product"}],"about":[{"href":"https:\/\/stabe.se\/en\/wp-json\/wp\/v2\/types\/product"}],"wp:featuredmedia":[{"embeddable":true,"href":"https:\/\/stabe.se\/en\/wp-json\/wp\/v2\/media\/10116"}],"wp:attachment":[{"href":"https:\/\/stabe.se\/en\/wp-json\/wp\/v2\/media?parent=3893"}],"wp:term":[{"taxonomy":"product_brand","embeddable":true,"href":"https:\/\/stabe.se\/en\/wp-json\/wp\/v2\/product_brand?post=3893"},{"taxonomy":"product_cat","embeddable":true,"href":"https:\/\/stabe.se\/en\/wp-json\/wp\/v2\/product_cat?post=3893"},{"taxonomy":"product_tag","embeddable":true,"href":"https:\/\/stabe.se\/en\/wp-json\/wp\/v2\/product_tag?post=3893"}],"curies":[{"name":"wp","href":"https:\/\/api.w.org\/{rel}","templated":true}]}}