{"id":3704,"date":"2025-06-12T14:44:08","date_gmt":"2025-06-12T12:44:08","guid":{"rendered":"https:\/\/rqxyq.beeweb-yellow.io\/produkt\/servodrift-compax3-63a-230v-resolver-sincos-analog-t10\/"},"modified":"2026-04-17T08:03:19","modified_gmt":"2026-04-17T06:03:19","slug":"servodrift-compax3-63a-230v-resolver-sincos-analog-t10","status":"publish","type":"product","link":"https:\/\/stabe.se\/en\/product\/servodrift-compax3-63a-230v-resolver-sincos-analog-t10\/","title":{"rendered":"Servodrift Compax3, 6,3A 230V Resolver + SinCos Analog T10"},"content":{"rendered":"<p>Compax3 \u00e4r Parkers globala servoplattform \u2013 som erbjuder ett utbud av h\u00f6gpresterande enaxliga och fleraxliga servodrivmoduler, samt hydrauliska styrenheter. &#039;C3S&#039;-serien av frist\u00e5ende enaxliga servodrivenheter och servodrivenheter\/styrenheter med l\u00e5g\/medelh\u00f6g effekt erbjuder uteffekter fr\u00e5n 1 till 25 kVA, med ing\u00e5ngsstr\u00f6mf\u00f6rs\u00f6rjningsalternativ fr\u00e5n 1\/3*230 VAC till 3*480 VAC.<\/p>\n<p> Based on scalable technology features, Compax3 drives can solve a variety of application types - from basic analogue torque\/speed and step\/direction control to intelligent drives with advanced electronic CAM control and PLCopen function modules, programmable in accordance with IEC 61131-3 using the CoDeSys development environment.<\/p>\n<p> Markets:<br \/> - Factory automation<br \/> - Packaging machines<br \/> - Various industry<\/p>\n<p> Features\/Benefits:<br \/> - Drives all motor types - synchronous, asynchronous, linear and torque motor technologies<br \/> - Supports most feedback devices including resolvers, rotary and linear incremental encoders, sine-cosine absolute encoders with one\/multiple turns (EnDat and Hiperface interfaces) and analogue\/digital hall sensors.<br \/> - Standard IEC61131-3 programming<br \/> - Integrated application software<br \/> - Driving-based safety<\/p>\n<p> Areas of use:<br \/> - Packaging machines<br \/> - Material moulding machines<br \/> - Printing machines<br \/> - Handling of machinery<\/p>\n<p> C3S063V2 Technical specifications:<br \/> - Output power: 2.5 kVA<br \/> - Driving force input: 1*230VAC<br \/> - 1 encoder output \/ 1 encoder input<br \/> - 8 digital inputs \/ 4 digital outputs*<br \/> - 2 analogue inputs (14 bits)*<br \/> - 2 analogue outputs (8 bits)*<br \/> *expandable via fieldbus-based expansion IO modules<\/p>\n<p> Technology features:<br \/> - I10T10: Drive control via analogue speed\/torque command, step\/direction input, encoder input<br \/> - I12T11: Positioning via digital I\/O, RS232\/RS485, absolute\/incremental positioning,<br \/> registration mark related positioning, electronic gearbox, dynamic positioning<br \/> - T30: Programming based on IEC 61131-3 with CoDeSys<br \/> - PLCopen function modules<br \/> - IEC 61131-3 standard modules<br \/> - C3-specific function modules<br \/> - T40: same features as T30, plus advanced electronic cam functionality<\/p>\n<p> Powerful multi-axis PC support programme \"Parker Integrated Engineering Tool\", with \"Compax3 ServoManager\":<br \/> - Guided configuration with easy-to-use installation wizards<br \/> - Integrated 4-channel oscilloscope function<br \/> - Installation support<br \/> - Diagnostics\/maintenance\/service<br \/> - Motor handlers<br \/> - Integrated CamDesigner for cam creation<\/p>\n<p> ServoSignalAnalyzer for Compax3: PC-based signal analysis for the optimisation of mechatronic systems<br \/> - Analysis and optimisation of the mechanical system<br \/> - Simple measurement of the dynamic behaviour of mechanics<br \/> - Vibration analysis of the mechanical structure<br \/> - Analysis and optimisation of the control system<br \/> - Better and faster control optimisation<br \/> - Specific damping of disturbances at the mechanical resonance points<\/p>\n<p> Functional safety with Compax3S<br \/> - See the 'Product Support' tab for related safety information and downloads<\/p>","protected":false},"excerpt":{"rendered":"<p>Servodrift Compax3, 6,3A 230V Resolver + SinCos Analog T10<\/p>","protected":false},"featured_media":10527,"template":"","meta":{"_acf_changed":false},"product_brand":[],"product_cat":[98,145,147],"product_tag":[],"class_list":{"0":"post-3704","1":"product","2":"type-product","3":"status-publish","4":"has-post-thumbnail","6":"product_cat-omriktare","7":"product_cat-servo","8":"product_cat-compax3","10":"first","11":"outofstock","12":"taxable","13":"shipping-taxable","14":"product-type-simple"},"acf":[],"_links":{"self":[{"href":"https:\/\/stabe.se\/en\/wp-json\/wp\/v2\/product\/3704","targetHints":{"allow":["GET"]}}],"collection":[{"href":"https:\/\/stabe.se\/en\/wp-json\/wp\/v2\/product"}],"about":[{"href":"https:\/\/stabe.se\/en\/wp-json\/wp\/v2\/types\/product"}],"wp:featuredmedia":[{"embeddable":true,"href":"https:\/\/stabe.se\/en\/wp-json\/wp\/v2\/media\/10527"}],"wp:attachment":[{"href":"https:\/\/stabe.se\/en\/wp-json\/wp\/v2\/media?parent=3704"}],"wp:term":[{"taxonomy":"product_brand","embeddable":true,"href":"https:\/\/stabe.se\/en\/wp-json\/wp\/v2\/product_brand?post=3704"},{"taxonomy":"product_cat","embeddable":true,"href":"https:\/\/stabe.se\/en\/wp-json\/wp\/v2\/product_cat?post=3704"},{"taxonomy":"product_tag","embeddable":true,"href":"https:\/\/stabe.se\/en\/wp-json\/wp\/v2\/product_tag?post=3704"}],"curies":[{"name":"wp","href":"https:\/\/api.w.org\/{rel}","templated":true}]}}