{"id":1840,"date":"2025-06-04T13:15:59","date_gmt":"2025-06-04T11:15:59","guid":{"rendered":"https:\/\/rqxyq.beeweb-yellow.io\/produkt\/end-cap-mounting-size-50-one-pair\/"},"modified":"2025-11-12T10:38:35","modified_gmt":"2025-11-12T09:38:35","slug":"end-cap-mounting-size-50-one-pair","status":"publish","type":"product","link":"https:\/\/stabe.se\/en\/product\/end-cap-mounting-size-50-one-pair\/","title":{"rendered":"End Cap Mounting Size 50. One pair"},"content":{"rendered":"<p>On the end of each end cap of OSP cylinders, there are four threaded holes that can be used to quickly and easily mount the actuator. To facilitate mounting, the end plate retainer layout is square, so that the brackets can be mounted on the bottom, top or either side, regardless of port position. The end cap foot brackets for holes \u00d810 to \u00d832 mm are made of galvanised steel and for holes \u00d840 to \u00d880 mm are made of anodised aluminium. All are supplied in pairs and mounted on the cylinder with the screws provided, or stainless steel screws are available as an option.<\/p>\n<p> Markets<\/p>\n<p> - Factory automation<\/p>\n<p> - Machine tools<\/p>\n<p> - Various industry<\/p>\n<p> - Miscellaneous manufacturing<\/p>\n<p> - Packaging machines<\/p>\n<p> - Printing and labelling equipment<\/p>\n<p> - Medical<\/p>\n<p> - Other life sciences<\/p>\n<p> - Material handling equipment<\/p>\n<p> - Food and drink<\/p>\n<p> - Plastic processing<\/p>\n<p> - water<\/p>\n<p> - Bus and coach<\/p>\n<p> - Railways<\/p>\n<p> Features\/Benefits<\/p>\n<p> - D.40 to 80 Solid aluminium version \/ optional stainless steel screws<\/p>\n<p> - Enables flexible cylinder assembly<\/p>\n<p> Applications<\/p>\n<p> - Door opening system<\/p>\n<p> - Pick-and-place applications<\/p>\n<p> - Sustainability test bench<\/p>\n<p> - Food processing<\/p>\n<p> - Packaging, labelling and wrapping systems<\/p>\n<p> - Applications for pushers, pickers and grabs<\/p>\n<p> - Assembly of a modular steering kit<\/p>\n<p> - Cleaning of rollers<\/p>\n<p> - Cleaning the pressure head<\/p>\n<p> - Sorting machines with ATEX<\/p>\n<p> - Feeding<\/p>\n<p> - Cutting<\/p>","protected":false},"excerpt":{"rendered":"<p>End Cap Mounting Size 50. One pair<\/p>","protected":false},"featured_media":0,"template":"","meta":{"_acf_changed":false},"product_brand":[],"product_cat":[1642],"product_tag":[],"class_list":{"0":"post-1840","1":"product","2":"type-product","3":"status-publish","5":"product_cat-att-ga-igenom","7":"first","8":"outofstock","9":"taxable","10":"shipping-taxable","11":"product-type-simple"},"acf":[],"_links":{"self":[{"href":"https:\/\/stabe.se\/en\/wp-json\/wp\/v2\/product\/1840","targetHints":{"allow":["GET"]}}],"collection":[{"href":"https:\/\/stabe.se\/en\/wp-json\/wp\/v2\/product"}],"about":[{"href":"https:\/\/stabe.se\/en\/wp-json\/wp\/v2\/types\/product"}],"wp:attachment":[{"href":"https:\/\/stabe.se\/en\/wp-json\/wp\/v2\/media?parent=1840"}],"wp:term":[{"taxonomy":"product_brand","embeddable":true,"href":"https:\/\/stabe.se\/en\/wp-json\/wp\/v2\/product_brand?post=1840"},{"taxonomy":"product_cat","embeddable":true,"href":"https:\/\/stabe.se\/en\/wp-json\/wp\/v2\/product_cat?post=1840"},{"taxonomy":"product_tag","embeddable":true,"href":"https:\/\/stabe.se\/en\/wp-json\/wp\/v2\/product_tag?post=1840"}],"curies":[{"name":"wp","href":"https:\/\/api.w.org\/{rel}","templated":true}]}}