{"id":1515,"date":"2025-06-04T11:37:31","date_gmt":"2025-06-04T09:37:31","guid":{"rendered":"https:\/\/rqxyq.beeweb-yellow.io\/produkt\/snackvaxel-busck-utvaxling-601-ger-225rpm-sf-16-43nm\/"},"modified":"2026-04-16T12:30:40","modified_gmt":"2026-04-16T10:30:40","slug":"snackvaxel-busck-utvaxling-601-ger-225rpm-sf-16-43nm","status":"publish","type":"product","link":"https:\/\/stabe.se\/en\/product\/snackvaxel-busck-utvaxling-601-ger-225rpm-sf-16-43nm\/","title":{"rendered":"Worm gear Busck Gear ratio 60:1 -&gt;ger 22,5rpm sf 1,6 43Nm"},"content":{"rendered":"<p>Worm gear Busck Gear ratio 60:1 -&gt;ger 22,5rpm sf 1,6 43Nm<\/p>","protected":false},"excerpt":{"rendered":"<p>Sn\u00e4ckv\u00e4xel Busck Utv\u00e4xling 60:1 -&gt;ger 22,5rpm sf 1,6 43Nm<\/p>","protected":false},"featured_media":12208,"template":"","meta":{"_acf_changed":false},"product_brand":[],"product_cat":[112,185],"product_tag":[],"class_list":{"0":"post-1515","1":"product","2":"type-product","3":"status-publish","4":"has-post-thumbnail","6":"product_cat-vaxlar","7":"product_cat-snackvaxlar","9":"first","10":"outofstock","11":"taxable","12":"shipping-taxable","13":"product-type-simple"},"acf":[],"_links":{"self":[{"href":"https:\/\/stabe.se\/en\/wp-json\/wp\/v2\/product\/1515","targetHints":{"allow":["GET"]}}],"collection":[{"href":"https:\/\/stabe.se\/en\/wp-json\/wp\/v2\/product"}],"about":[{"href":"https:\/\/stabe.se\/en\/wp-json\/wp\/v2\/types\/product"}],"wp:featuredmedia":[{"embeddable":true,"href":"https:\/\/stabe.se\/en\/wp-json\/wp\/v2\/media\/12208"}],"wp:attachment":[{"href":"https:\/\/stabe.se\/en\/wp-json\/wp\/v2\/media?parent=1515"}],"wp:term":[{"taxonomy":"product_brand","embeddable":true,"href":"https:\/\/stabe.se\/en\/wp-json\/wp\/v2\/product_brand?post=1515"},{"taxonomy":"product_cat","embeddable":true,"href":"https:\/\/stabe.se\/en\/wp-json\/wp\/v2\/product_cat?post=1515"},{"taxonomy":"product_tag","embeddable":true,"href":"https:\/\/stabe.se\/en\/wp-json\/wp\/v2\/product_tag?post=1515"}],"curies":[{"name":"wp","href":"https:\/\/api.w.org\/{rel}","templated":true}]}}