{"id":14688,"date":"2026-02-25T07:21:24","date_gmt":"2026-02-25T06:21:24","guid":{"rendered":"https:\/\/stabe.se\/produkt\/stromriktare-590p-ip20-4q-165a-500v-storlek-2-armature-anvand-dc7\/"},"modified":"2026-04-19T04:04:39","modified_gmt":"2026-04-19T02:04:39","slug":"stromriktare-590p-ip20-4q-165a-500v-storlek-2-armature-anvand-dc7","status":"publish","type":"product","link":"https:\/\/stabe.se\/en\/product\/stromriktare-590p-ip20-4q-165a-500v-storlek-2-armature-anvand-dc7\/","title":{"rendered":"Str\u00f6mriktare 590P IP20 4Q 165A 500V Storlek 2 Armature &#8211; Anv\u00e4nd. (DC7)"},"content":{"rendered":"<p>Str\u00f6mriktare 590P IP20 4Q 165A 500V Storlek 2 Armature &#8211; Anv\u00e4nd. (DC7)<\/p>","protected":false},"excerpt":{"rendered":"<p>Str\u00f6mriktare 590P IP20 4Q 165A 500V Storlek 2 Armature &#8211; Anv\u00e4nd. (DC7)<\/p>","protected":false},"featured_media":0,"template":"","meta":{"_acf_changed":false},"product_brand":[],"product_cat":[97,143,217,98],"product_tag":[],"class_list":{"0":"post-14688","1":"product","2":"type-product","3":"status-publish","5":"product_cat-begagnat","6":"product_cat-dc","7":"product_cat-590-591","8":"product_cat-omriktare","10":"first","11":"instock","12":"taxable","13":"shipping-taxable","14":"product-type-simple"},"acf":[],"_links":{"self":[{"href":"https:\/\/stabe.se\/en\/wp-json\/wp\/v2\/product\/14688","targetHints":{"allow":["GET"]}}],"collection":[{"href":"https:\/\/stabe.se\/en\/wp-json\/wp\/v2\/product"}],"about":[{"href":"https:\/\/stabe.se\/en\/wp-json\/wp\/v2\/types\/product"}],"wp:attachment":[{"href":"https:\/\/stabe.se\/en\/wp-json\/wp\/v2\/media?parent=14688"}],"wp:term":[{"taxonomy":"product_brand","embeddable":true,"href":"https:\/\/stabe.se\/en\/wp-json\/wp\/v2\/product_brand?post=14688"},{"taxonomy":"product_cat","embeddable":true,"href":"https:\/\/stabe.se\/en\/wp-json\/wp\/v2\/product_cat?post=14688"},{"taxonomy":"product_tag","embeddable":true,"href":"https:\/\/stabe.se\/en\/wp-json\/wp\/v2\/product_tag?post=14688"}],"curies":[{"name":"wp","href":"https:\/\/api.w.org\/{rel}","templated":true}]}}