{"id":14562,"date":"2026-01-02T14:45:51","date_gmt":"2026-01-02T13:45:51","guid":{"rendered":"https:\/\/stabe.se\/produkt\/sakringshallare-690v-max-50a-1-polig-14x51mm-eaton\/"},"modified":"2026-04-17T08:37:59","modified_gmt":"2026-04-17T06:37:59","slug":"sakringshallare-690v-max-50a-1-polig-14x51mm-eaton","status":"publish","type":"product","link":"https:\/\/stabe.se\/en\/product\/sakringshallare-690v-max-50a-1-polig-14x51mm-eaton\/","title":{"rendered":"S\u00e4kringsh\u00e5llare 690V max 50A 1-polig (14x51mm) (Eaton)"},"content":{"rendered":"<p>S\u00e4kringsh\u00e5llare 690V max 50A 1-polig (14x51mm) (Eaton)<\/p>","protected":false},"excerpt":{"rendered":"<p>S\u00e4kringsh\u00e5llare 690V max 50A 1-polig (14x51mm) (Eaton)<\/p>","protected":false},"featured_media":14566,"template":"","meta":{"_acf_changed":false},"product_brand":[],"product_cat":[1642],"product_tag":[],"class_list":{"0":"post-14562","1":"product","2":"type-product","3":"status-publish","4":"has-post-thumbnail","6":"product_cat-att-ga-igenom","8":"first","9":"instock","10":"taxable","11":"shipping-taxable","12":"product-type-simple"},"acf":[],"_links":{"self":[{"href":"https:\/\/stabe.se\/en\/wp-json\/wp\/v2\/product\/14562","targetHints":{"allow":["GET"]}}],"collection":[{"href":"https:\/\/stabe.se\/en\/wp-json\/wp\/v2\/product"}],"about":[{"href":"https:\/\/stabe.se\/en\/wp-json\/wp\/v2\/types\/product"}],"wp:featuredmedia":[{"embeddable":true,"href":"https:\/\/stabe.se\/en\/wp-json\/wp\/v2\/media\/14566"}],"wp:attachment":[{"href":"https:\/\/stabe.se\/en\/wp-json\/wp\/v2\/media?parent=14562"}],"wp:term":[{"taxonomy":"product_brand","embeddable":true,"href":"https:\/\/stabe.se\/en\/wp-json\/wp\/v2\/product_brand?post=14562"},{"taxonomy":"product_cat","embeddable":true,"href":"https:\/\/stabe.se\/en\/wp-json\/wp\/v2\/product_cat?post=14562"},{"taxonomy":"product_tag","embeddable":true,"href":"https:\/\/stabe.se\/en\/wp-json\/wp\/v2\/product_tag?post=14562"}],"curies":[{"name":"wp","href":"https:\/\/api.w.org\/{rel}","templated":true}]}}