{"id":14457,"date":"2025-11-21T14:05:38","date_gmt":"2025-11-21T13:05:38","guid":{"rendered":"https:\/\/stabe.se\/produkt\/iqan-lst-mf-parker-hannifin\/"},"modified":"2026-04-19T01:54:43","modified_gmt":"2026-04-18T23:54:43","slug":"iqan-lst-mf-parker-hannifin","status":"publish","type":"product","link":"https:\/\/stabe.se\/en\/product\/iqan-lst-mf-parker-hannifin\/","title":{"rendered":"IQAN-LST-MF (Parker Hannifin)"},"content":{"rendered":"<p>Parkers IQAN-LST \u00e4r en minispak av paddeltyp i IQAN-produktgruppen. Den h\u00e4r spaken har en axel och en kompakt utformning. Den \u00e4r l\u00e4tt med sm\u00e5 monteringsm\u00e5tt. IQAN-LST \u00e4r avsedd f\u00f6r utomhusmilj\u00f6. Elektroniken \u00e4r inkapslad och f\u00f6r kabeln finns ett urval av f\u00f6rseglade transportanslutningsdon. Tillsammans g\u00f6r dessa funktioner att LST-enheten klassas som IP66. <\/p>\n<p>LST har ocks\u00e5 l\u00e5ga, anpassade anslutningskrafter utformade f\u00f6r enkel anv\u00e4ndning i en tr\u00e5ng liten hytt. Den \u00e4r ergonomisk och enkel att aktivera med fingertopparna.<\/p>\n<p>IQAN-LST kan enkelt monteras i ett armst\u00f6d eller p\u00e5 en instrumentbr\u00e4da, och passar bra ihop med de flesta styrsystem och i synnerhet IQAN.<\/p>\n<p>Markets: <br \/>\u2022 Anl\u00e4ggningsmaskiner<br \/>\u2022 Skogsutrustning<br \/>- Agricultural machinery<br \/>- Material handling equipment<br \/>\u2022 Annat mobilt<\/p>\n<p>Features\/benefits: <br \/>\u2022 Sensorer med\u00a0dubbla hall-element\u00a0ger redundans<br \/>\u2022\u00a0Standard 0\u20135 V ing\u00e5ngar<br \/>\u2022 Inbyggd dr\u00e4nering skyddar elektroniken i h\u00e4ndelse av b\u00e4lgskada<br \/>\u2022 Flera brytar- och sp\u00e4rralternativ<\/p>\n<p>Applications: <br \/>\u2022 Styrning av bomutskjut\/-indrag<br \/>- Plough and spreader control<br \/>\u2022 Reglage f\u00f6r gaffeltruck<\/p>","protected":false},"excerpt":{"rendered":"<p>Parkers IQAN-LST \u00e4r en minispak av paddeltyp i IQAN-produktgruppen. Den h\u00e4r spaken har en axel och en kompakt utformning. Den \u00e4r l\u00e4tt med sm\u00e5 monteringsm\u00e5tt. IQAN-LST \u00e4r avsedd f\u00f6r utomhusmilj\u00f6. Elektroniken \u00e4r inkapslad och f\u00f6r kabeln finns ett urval av f\u00f6rseglade transportanslutningsdon. Tillsammans g\u00f6r dessa funktioner att LST-enheten klassas som IP66. LST har ocks\u00e5 l\u00e5ga, [&hellip;]<\/p>","protected":false},"featured_media":0,"template":"","meta":{"_acf_changed":false},"product_brand":[],"product_cat":[120,109],"product_tag":[],"class_list":{"0":"post-14457","1":"product","2":"type-product","3":"status-publish","5":"product_cat-iqan","6":"product_cat-iqan-intelligenta-styrsystem","8":"first","9":"outofstock","10":"taxable","11":"shipping-taxable","12":"product-type-simple"},"acf":[],"_links":{"self":[{"href":"https:\/\/stabe.se\/en\/wp-json\/wp\/v2\/product\/14457","targetHints":{"allow":["GET"]}}],"collection":[{"href":"https:\/\/stabe.se\/en\/wp-json\/wp\/v2\/product"}],"about":[{"href":"https:\/\/stabe.se\/en\/wp-json\/wp\/v2\/types\/product"}],"wp:attachment":[{"href":"https:\/\/stabe.se\/en\/wp-json\/wp\/v2\/media?parent=14457"}],"wp:term":[{"taxonomy":"product_brand","embeddable":true,"href":"https:\/\/stabe.se\/en\/wp-json\/wp\/v2\/product_brand?post=14457"},{"taxonomy":"product_cat","embeddable":true,"href":"https:\/\/stabe.se\/en\/wp-json\/wp\/v2\/product_cat?post=14457"},{"taxonomy":"product_tag","embeddable":true,"href":"https:\/\/stabe.se\/en\/wp-json\/wp\/v2\/product_tag?post=14457"}],"curies":[{"name":"wp","href":"https:\/\/api.w.org\/{rel}","templated":true}]}}