{"id":1145,"date":"2025-05-28T11:30:33","date_gmt":"2025-05-28T09:30:33","guid":{"rendered":"https:\/\/rqxyq.beeweb-yellow.io\/produkt\/linjarenhet-eth-200mm-bakmonterad-motor\/"},"modified":"2025-12-16T11:18:14","modified_gmt":"2025-12-16T10:18:14","slug":"linjarenhet-eth-200mm-bakmonterad-motor","status":"publish","type":"product","link":"https:\/\/stabe.se\/en\/product\/linjarenhet-eth-200mm-bakmonterad-motor\/","title":{"rendered":"Linear unit ETH 200mm. Rear-mounted motor"},"content":{"rendered":"<p>ETH032-seriens elektriska cylindrar i &#8221;High Force&#8221;-serien \u00e4r kulskruvdrivna linj\u00e4ra st\u00e4lldon i st\u00e5ngform som erbjuder minimal total \u00e4gandekostnad (TCO) f\u00f6r tillf\u00f6rlitlig positionering i alla industriella applikationer. J\u00e4mf\u00f6rt med andra fluidkraftbaserade cylindrar ger dessa elektriska cylindrar programmerbarhet, m\u00f6jligheten till sluten styrning, plus h\u00f6g tryckkraft, h\u00f6g h\u00e5llbarhet och l\u00e5ng livsl\u00e4ngd till din applikation. Ett elektromekaniskt system som ETH-elcylindern erbjuder en ekonomisk l\u00f6sning tack vare sin h\u00f6ga effektt\u00e4thet och l\u00e5nga livsl\u00e4ngd, vilket minimerar initial- och underh\u00e5llskostnaderna. ETH032-elcylindrarna har dimensioner och f\u00e4sten enligt ISO 15552-12, erbjuder tryckkrafter upp till 3700 N och slagl\u00e4ngder upp till 1000 mm. Standardcentralsm\u00f6rjporten hj\u00e4lper till att minimera b\u00e5de underh\u00e5llskostnader och maskinstopp.<br \/>\nA variety of link end configurations and mounting options provide the flexibility to integrate these electrical cylinders into most customer applications. Sensors and cables are directly immersed in a groove in the ETH profile, ensuring a smooth surface for easy cleaning and safe handling. Parker offers complete drive systems including motor and drive for industrial applications and for ATEX environments.<\/p>\n<p>Markets:<br \/>\n- Factory automation<br \/>\n- Machine tools<br \/>\n- Packaging machines<br \/>\n- Food and drink<br \/>\n- Medical<br \/>\n- Medicinal products<br \/>\n- Other life sciences<br \/>\n- Automation of entertainment<br \/>\n- Various industry<br \/>\n- Miscellaneous manufacturing<br \/>\n- Miscellaneous processing<br \/>\n- Chemical industry<br \/>\n- Energy<\/p>\n<p>Features\/Benefits:<br \/>\n- Precise and reliable control - programmable closed electromechanical system<br \/>\n- Unrivalled power density - high power from a small frame size<br \/>\n- Reduced replacement costs - long lifetime<br \/>\n- Reduced maintenance costs - thanks to lubrication availability in the cylinder flange<br \/>\n- Reduced noise emissions<br \/>\n- Reduce design work - compliance with ISO pneumatic flanges (standard DIN - ISO 15552)<br \/>\n- Environmental options - IP54 (standard) \/ IP65<br \/>\n- Optional ATEX certification for equipment group II, category 2 in explosive gas atmospheres<br \/>\n- Optimised design for safe handling and easy cleaning<br \/>\n- Cables can be hidden in the profile<br \/>\n- Reduce complexity - all from one source: Parker offers the complete powertrain - drives\/controllers, motors and gearboxes to match the electric cylinder<\/p>\n<p>Areas of use:<br \/>\n- General mechanical engineering<br \/>\n- Material handling and feeding systems<br \/>\n- Construction-oriented automotive industry<br \/>\n- Actuators for loading machine tools<br \/>\n- Transport and feeding of components<br \/>\n- Wood and plastic processing industry<br \/>\n- Linear management<br \/>\n- Petrochemical refining and transport<br \/>\n- Painting<br \/>\n- Printing industry<br \/>\n- Distilleries<br \/>\n- Test equipment and laboratory applications<br \/>\n- Valve and flap operation<br \/>\n- Material moulding<br \/>\n- Automated assembly processes<\/p>\n<p>Technical specifications:<br \/>\n- Screw pins: 5, 10 and 16 mm (offers high force or high speed options)<br \/>\n- High mechanical efficiency - up to 90 %<br \/>\n- Inline or parallel mounting of motor (timing belt drive)<br \/>\n- Multiple rod end options - including linear rod guide module (for additional side load support)<br \/>\n- Accessories with integrated force sensors help distribute and equalise forces precisely<br \/>\n- Multiple mounting options and a wide range of accessories are available to accommodate the full spectrum of applications<\/p>","protected":false},"excerpt":{"rendered":"<p>Linear unit ETH 200mm. Rear-mounted motor<\/p>","protected":false},"featured_media":14184,"template":"","meta":{"_acf_changed":false},"product_brand":[],"product_cat":[161,99],"product_tag":[],"class_list":{"0":"post-1145","1":"product","2":"type-product","3":"status-publish","4":"has-post-thumbnail","6":"product_cat-eth","7":"product_cat-linjarenheter","9":"first","10":"outofstock","11":"taxable","12":"shipping-taxable","13":"product-type-simple"},"acf":[],"_links":{"self":[{"href":"https:\/\/stabe.se\/en\/wp-json\/wp\/v2\/product\/1145","targetHints":{"allow":["GET"]}}],"collection":[{"href":"https:\/\/stabe.se\/en\/wp-json\/wp\/v2\/product"}],"about":[{"href":"https:\/\/stabe.se\/en\/wp-json\/wp\/v2\/types\/product"}],"wp:featuredmedia":[{"embeddable":true,"href":"https:\/\/stabe.se\/en\/wp-json\/wp\/v2\/media\/14184"}],"wp:attachment":[{"href":"https:\/\/stabe.se\/en\/wp-json\/wp\/v2\/media?parent=1145"}],"wp:term":[{"taxonomy":"product_brand","embeddable":true,"href":"https:\/\/stabe.se\/en\/wp-json\/wp\/v2\/product_brand?post=1145"},{"taxonomy":"product_cat","embeddable":true,"href":"https:\/\/stabe.se\/en\/wp-json\/wp\/v2\/product_cat?post=1145"},{"taxonomy":"product_tag","embeddable":true,"href":"https:\/\/stabe.se\/en\/wp-json\/wp\/v2\/product_tag?post=1145"}],"curies":[{"name":"wp","href":"https:\/\/api.w.org\/{rel}","templated":true}]}}