{"id":1039,"date":"2025-05-28T10:57:45","date_gmt":"2025-05-28T08:57:45","guid":{"rendered":"https:\/\/rqxyq.beeweb-yellow.io\/produkt\/servodrift-compax3-multi-axis-drive-10a-profibus-t11-sto\/"},"modified":"2026-04-30T19:57:25","modified_gmt":"2026-04-30T17:57:25","slug":"servodrift-compax3-multi-axis-drive-10a-profibus-t11-sto","status":"publish","type":"product","link":"https:\/\/stabe.se\/en\/product\/servodrift-compax3-multi-axis-drive-10a-profibus-t11-sto\/","title":{"rendered":"Servodrift Compax3, Multi-Axis Drive 10A Profibus T11 STO"},"content":{"rendered":"<p>Compax3 \u00e4r Parkers globala servodrivplattform \u2013 som erbjuder ett utbud av h\u00f6gpresterande servodrivmoduler f\u00f6r en och flera axlar, samt hydrauliska styrenheter. &#039;C3M&#039;-serien av fleraxliga servodrivenheter och servodrivenheter\/styrenheter erbjuder uteffekter fr\u00e5n 3 till 20 kVA, en 3*400\/480 VAC ing\u00e5ngsstr\u00f6mf\u00f6rs\u00f6rjning och en gemensam n\u00e4taggregat- och DC-bussanslutning som m\u00f6jligg\u00f6r energiutbyte mellan drivenheter. Dessutom erbjuder C3M-seriens drivenheter en kostnadsreduktion f\u00f6r fleraxliga applikationer tack vare deras platsbesparande kompakta panelformat, minskade kabelbehov och anv\u00e4ndningen av centraliserade delade komponenter.<\/p>\n<p> Based on scalable technology features, Compax3 drives can solve a variety of application types - from basic analogue torque\/speed and step\/direction control to intelligent drives with advanced electronic CAM control and PLCopen function modules, programmable in accordance with IEC 61131-3 using the CoDeSys development environment.<\/p>\n<p> Markets:<br \/> - Factory automation<br \/> - Packaging machines<br \/> - Various industry<\/p>\n<p> Features\/Benefits:<br \/> - Drives all motor types - synchronous, asynchronous, linear and torque motor technologies<br \/> - Supports most feedback devices including resolvers, rotary and linear incremental encoders, sine-cosine absolute encoders with one\/multiple turns (EnDat and Hiperface interfaces) and analogue\/digital hall sensors.<br \/> - Standard IEC61131-3 programming<br \/> - Integrated application software<br \/> - Comprehensive safety technology<\/p>\n<p> Areas of use:<br \/> - Packaging machines<br \/> - Material moulding machines<br \/> - Printing machines<br \/> - Handling of machinery<\/p>\n<p> C3M100D6 Technical specifications:<br \/> - Output power: 6.6 kVA<br \/> - Power supply input: 3*230-400\/480 VAC<br \/> - Driving force input: 325...680 VDC<br \/> - 1 encoder output \/ 1 encoder input<br \/> - 8 digital inputs \/ 4 digital outputs*<br \/> - 2 analogue inputs (14 bits)*<br \/> - 2 analogue outputs (8 bits)*<br \/> *expandable via fieldbus-based expansion IO modules<\/p>\n<p> Technology features:<br \/> - I10T10: Drive control via analogue speed\/torque command, step\/direction input, encoder input<br \/> - I12T11: Positioning via digital I\/O, RS232\/RS485, absolute\/incremental positioning,<br \/> registration mark related positioning, electronic gearbox, dynamic positioning<br \/> - T30: Programming based on IEC 61131-3 with CoDeSys<br \/> - PLCopen function modules<br \/> - IEC 61131-3 standard modules<br \/> - C3-specific function modules<br \/> - T40: same features as T30, plus advanced electronic cam functionality<\/p>\n<p> Powerful software tool for multi-axis support \"Parker Integrated Engineering Tool\", with \"Compax3 ServoManager\":<br \/> - Guided configuration with easy-to-use installation wizards<br \/> - Integrated 4-channel oscilloscope function<br \/> - Installation support<br \/> - Diagnostics\/maintenance\/service<br \/> - Motor handlers<br \/> - Integrated CamDesigner for cam creation<\/p>\n<p> ServoSignalAnalyzer for Compax3: PC-based signal analysis for the optimisation of mechatronic systems<br \/> - Analysis and optimisation of the mechanical system<br \/> - Simple measurement of the dynamic behaviour of mechanics<br \/> - Vibration analysis of the mechanical structure<\/p>\n<p> - Analysis and optimisation of the control system<br \/> - Better and faster control optimisation<br \/> - Specific damping of disturbances at the mechanical resonance points<\/p>\n<p> Functional safety with Compax3M<br \/> - See the 'Product Support' tab for related safety information and downloads<\/p>","protected":false},"excerpt":{"rendered":"<p>Servodrift Compax3, Multi-Axis Drive 10A Profibus T11 STO<\/p>","protected":false},"featured_media":13561,"template":"","meta":{"_acf_changed":false},"product_brand":[],"product_cat":[98,145,147],"product_tag":[],"class_list":{"0":"post-1039","1":"product","2":"type-product","3":"status-publish","4":"has-post-thumbnail","6":"product_cat-omriktare","7":"product_cat-servo","8":"product_cat-compax3","10":"first","11":"outofstock","12":"taxable","13":"shipping-taxable","14":"product-type-simple"},"acf":[],"_links":{"self":[{"href":"https:\/\/stabe.se\/en\/wp-json\/wp\/v2\/product\/1039","targetHints":{"allow":["GET"]}}],"collection":[{"href":"https:\/\/stabe.se\/en\/wp-json\/wp\/v2\/product"}],"about":[{"href":"https:\/\/stabe.se\/en\/wp-json\/wp\/v2\/types\/product"}],"wp:featuredmedia":[{"embeddable":true,"href":"https:\/\/stabe.se\/en\/wp-json\/wp\/v2\/media\/13561"}],"wp:attachment":[{"href":"https:\/\/stabe.se\/en\/wp-json\/wp\/v2\/media?parent=1039"}],"wp:term":[{"taxonomy":"product_brand","embeddable":true,"href":"https:\/\/stabe.se\/en\/wp-json\/wp\/v2\/product_brand?post=1039"},{"taxonomy":"product_cat","embeddable":true,"href":"https:\/\/stabe.se\/en\/wp-json\/wp\/v2\/product_cat?post=1039"},{"taxonomy":"product_tag","embeddable":true,"href":"https:\/\/stabe.se\/en\/wp-json\/wp\/v2\/product_tag?post=1039"}],"curies":[{"name":"wp","href":"https:\/\/api.w.org\/{rel}","templated":true}]}}