{"id":644,"date":"2025-05-07T15:17:45","date_gmt":"2025-05-07T13:17:45","guid":{"rendered":"https:\/\/rqxyq.beeweb-yellow.io\/?page_id=644"},"modified":"2025-11-07T09:32:01","modified_gmt":"2025-11-07T08:32:01","slug":"samarbeten","status":"publish","type":"page","link":"https:\/\/stabe.se\/en\/samarbeten\/","title":{"rendered":"Co-operations"},"content":{"rendered":"<div data-elementor-type=\"wp-page\" data-elementor-id=\"644\" class=\"elementor elementor-644\" data-elementor-post-type=\"page\">\n\t\t\t\t<div class=\"elementor-element elementor-element-d87a6da e-flex e-con-boxed e-con e-parent\" data-id=\"d87a6da\" data-element_type=\"container\" data-e-type=\"container\" data-settings=\"{&quot;background_background&quot;:&quot;classic&quot;}\">\n\t\t\t\t\t<div class=\"e-con-inner\">\n\t\t<div class=\"elementor-element elementor-element-da54776 no-pad e-con-full e-flex e-con e-child\" data-id=\"da54776\" data-element_type=\"container\" data-e-type=\"container\">\n\t\t<div class=\"elementor-element elementor-element-93c5aed e-con-full e-flex e-con e-child\" data-id=\"93c5aed\" data-element_type=\"container\" data-e-type=\"container\" data-settings=\"{&quot;background_background&quot;:&quot;classic&quot;}\">\n\t\t\t\t<div class=\"elementor-element elementor-element-256c82d elementor-widget__width-initial elementor-widget elementor-widget-heading\" data-id=\"256c82d\" data-element_type=\"widget\" data-e-type=\"widget\" data-widget_type=\"heading.default\">\n\t\t\t\t<div class=\"elementor-widget-container\">\n\t\t\t\t\t<h1 class=\"elementor-heading-title elementor-size-default\">Here is a selection of Stabes collaborations and projects<\/h1>\t\t\t\t<\/div>\n\t\t\t\t<\/div>\n\t\t\t\t<div class=\"elementor-element elementor-element-ed1768b elementor-widget__width-initial elementor-widget elementor-widget-text-editor\" data-id=\"ed1768b\" data-element_type=\"widget\" data-e-type=\"widget\" data-widget_type=\"text-editor.default\">\n\t\t\t\t<div class=\"elementor-widget-container\">\n\t\t\t\t\t\t\t\t\t<p>Here are a number of examples of designs that our engineers have been involved in developing with our customers.<\/p>\t\t\t\t\t\t\t\t<\/div>\n\t\t\t\t<\/div>\n\t\t\t\t<\/div>\n\t\t\t\t<\/div>\n\t\t\t\t\t<\/div>\n\t\t\t\t<\/div>\n\t\t<div class=\"elementor-element elementor-element-4473459 e-flex e-con-boxed e-con e-parent\" data-id=\"4473459\" data-element_type=\"container\" data-e-type=\"container\">\n\t\t\t\t\t<div class=\"e-con-inner\">\n\t\t\t\t<div class=\"elementor-element elementor-element-28cfb15 elementor-widget elementor-widget-shortcode\" data-id=\"28cfb15\" data-element_type=\"widget\" data-e-type=\"widget\" data-widget_type=\"shortcode.default\">\n\t\t\t\t<div class=\"elementor-widget-container\">\n\t\t\t\t\t\t\t<div class=\"elementor-shortcode\">\n<div class=\"stabe-samarbeten\">\n\n    \n        \n        <div class=\"samarbete\">\n\n            <div class=\"info\">\n                <h2>Stabe meets demand for electric boat motors<\/h2>\n                                    <div class=\"partner\">Stream Propulsion Sweden<\/div>\n                                In this project, we helped a start-up company develop an all-electric, zero-emission outboard motor for the leisure boat market. We also met the customer's requirements for low operating costs and easy maintenance. Stabe Drives and Parker collaborated on an innovative concept of an electric motor and drive system, complemented by a Bluetooth-enabled electronic control system with a proprietary graphical user interface (GUI) and associated app.\r\n\r\nThe solution was an affordable, high-quality electric motor and inverter.            <\/div>\n\n            <div class=\"gallery\">\n                                                        <div>\n                        <a href=\"https:\/\/stabe.se\/wp-content\/uploads\/2025\/05\/Stream_3840x1646-scaled.jpg\" data-elementor-lightbox-slideshow=\"samarbete-702\"><img decoding=\"async\" src=\"https:\/\/stabe.se\/wp-content\/uploads\/2025\/05\/Stream_3840x1646-scaled.jpg\"><\/a>\n                                                    <small>Steam electric motor<\/small>\n                                            <\/div>\n                            <\/div>\n\n        <\/div>\n\n    \n        \n        <div class=\"samarbete\">\n\n            <div class=\"info\">\n                <h2>Customised system solutions for food and packaging<\/h2>\n                                    <div class=\"partner\">Food &amp; packaging industry<\/div>\n                                Parker provides the food and packaging industry with automation products and a range of solutions for next generation machines. Focusing on optimising machine flexibility enables product development processes and machine reliability in a variety of environments where high standards of hygiene and functionality are required.            <\/div>\n\n            <div class=\"gallery\">\n                                                        <div>\n                        <a href=\"https:\/\/stabe.se\/wp-content\/uploads\/2025\/05\/Overview_systemlosning_food.jpg\" data-elementor-lightbox-slideshow=\"samarbete-687\"><img decoding=\"async\" src=\"https:\/\/stabe.se\/wp-content\/uploads\/2025\/05\/Overview_systemlosning_food.jpg\"><\/a>\n                                                    <small>Application overview<\/small>\n                                            <\/div>\n                            <\/div>\n\n        <\/div>\n\n    \n        \n        <div class=\"samarbete\">\n\n            <div class=\"info\">\n                <h2>Suit test - Test rig<\/h2>\n                                The pictures below show a traction test for a customer conducted in 2018. Stabe has assembled a linear unit, frequency converter, servo drive, servo motor, PLC and Panel from Parker and designed a system solution to simulate and measure how much traction a product can handle. The test rig is about 5 m high and Stabe is also responsible for the mechanics. Contact Stellan or Eric for more details.            <\/div>\n\n            <div class=\"gallery\">\n                                                        <div>\n                        <a href=\"https:\/\/stabe.se\/wp-content\/uploads\/2025\/05\/Oversikt_system_cs.jpg\" data-elementor-lightbox-slideshow=\"samarbete-686\"><img decoding=\"async\" src=\"https:\/\/stabe.se\/wp-content\/uploads\/2025\/05\/Oversikt_system_cs.jpg\"><\/a>\n                                                    <small>Tensile test - customised electromechanical system from Stabe<\/small>\n                                            <\/div>\n                                                        <div>\n                        <a href=\"https:\/\/stabe.se\/wp-content\/uploads\/2025\/05\/Narbild_skap_pac.jpg\" data-elementor-lightbox-slideshow=\"samarbete-686\"><img decoding=\"async\" src=\"https:\/\/stabe.se\/wp-content\/uploads\/2025\/05\/Narbild_skap_pac.jpg\"><\/a>\n                                                    <small>Control cabinet with PLC, Frequency converter and Servo drive<\/small>\n                                            <\/div>\n                                                        <div>\n                        <a href=\"https:\/\/stabe.se\/wp-content\/uploads\/2025\/05\/Narbild_automation_controller.jpg\" data-elementor-lightbox-slideshow=\"samarbete-686\"><img decoding=\"async\" src=\"https:\/\/stabe.se\/wp-content\/uploads\/2025\/05\/Narbild_automation_controller.jpg\"><\/a>\n                                                    <small>PLC - Programmable Logic Controller<\/small>\n                                            <\/div>\n                                                        <div>\n                        <a href=\"https:\/\/stabe.se\/wp-content\/uploads\/2025\/05\/Panel_parker_cs.jpg\" data-elementor-lightbox-slideshow=\"samarbete-686\"><img decoding=\"async\" src=\"https:\/\/stabe.se\/wp-content\/uploads\/2025\/05\/Panel_parker_cs.jpg\"><\/a>\n                                                    <small>Operator panel<\/small>\n                                            <\/div>\n                            <\/div>\n\n        <\/div>\n\n    \n<\/div><\/div>\n\t\t\t\t\t\t<\/div>\n\t\t\t\t<\/div>\n\t\t\t\t\t<\/div>\n\t\t\t\t<\/div>\n\t\t<div class=\"elementor-element elementor-element-fade74f e-flex e-con-boxed e-con e-parent\" data-id=\"fade74f\" data-element_type=\"container\" data-e-type=\"container\">\n\t\t\t\t\t<div class=\"e-con-inner\">\n\t\t\t\t\t<\/div>\n\t\t\t\t<\/div>\n\t\t\t\t<\/div>","protected":false},"excerpt":{"rendered":"<p>H\u00e4r \u00e4r ett urval av Stabes samarbeten och projekt H\u00e4r f\u00f6ljer en rad exempel p\u00e5 konstruktioner som v\u00e5ra ingenj\u00f6rer har varit med och utvecklat tillsammans med v\u00e5ra kunder.<\/p>","protected":false},"author":2,"featured_media":0,"parent":0,"menu_order":0,"comment_status":"closed","ping_status":"closed","template":"","meta":{"_acf_changed":false,"footnotes":""},"class_list":["post-644","page","type-page","status-publish","hentry"],"acf":[],"_links":{"self":[{"href":"https:\/\/stabe.se\/en\/wp-json\/wp\/v2\/pages\/644","targetHints":{"allow":["GET"]}}],"collection":[{"href":"https:\/\/stabe.se\/en\/wp-json\/wp\/v2\/pages"}],"about":[{"href":"https:\/\/stabe.se\/en\/wp-json\/wp\/v2\/types\/page"}],"author":[{"embeddable":true,"href":"https:\/\/stabe.se\/en\/wp-json\/wp\/v2\/users\/2"}],"replies":[{"embeddable":true,"href":"https:\/\/stabe.se\/en\/wp-json\/wp\/v2\/comments?post=644"}],"version-history":[{"count":0,"href":"https:\/\/stabe.se\/en\/wp-json\/wp\/v2\/pages\/644\/revisions"}],"wp:attachment":[{"href":"https:\/\/stabe.se\/en\/wp-json\/wp\/v2\/media?parent=644"}],"curies":[{"name":"wp","href":"https:\/\/api.w.org\/{rel}","templated":true}]}}