{"id":23,"date":"2025-04-28T12:08:13","date_gmt":"2025-04-28T10:08:13","guid":{"rendered":"https:\/\/rqxyq.beeweb-yellow.io\/?page_id=23"},"modified":"2025-09-17T09:09:06","modified_gmt":"2025-09-17T07:09:06","slug":"kopvillkor","status":"publish","type":"page","link":"https:\/\/stabe.se\/en\/kopvillkor\/","title":{"rendered":"Terms of purchase"},"content":{"rendered":"<div data-elementor-type=\"wp-page\" data-elementor-id=\"23\" class=\"elementor elementor-23\" data-elementor-post-type=\"page\">\n\t\t\t\t<div class=\"elementor-element elementor-element-63d90737 e-flex e-con-boxed e-con e-parent\" data-id=\"63d90737\" data-element_type=\"container\" data-e-type=\"container\">\n\t\t\t\t\t<div class=\"e-con-inner\">\n\t\t\t\t<div class=\"elementor-element elementor-element-2d1fe747 elementor-widget elementor-widget-text-editor\" data-id=\"2d1fe747\" data-element_type=\"widget\" data-e-type=\"widget\" data-widget_type=\"text-editor.default\">\n\t\t\t\t<div class=\"elementor-widget-container\">\n\t\t\t\t\t\t\t\t\t<h2 class=\"wp-block-heading\">Terms of purchase<\/h2>\n<p><!-- \/wp:heading --><!-- wp:paragraph --><\/p>\n<p><strong>1. general conditions<\/strong><br \/>The Stabes webshop is powered by <br \/>Stabe Drives AB<br \/>Karlsrov\u00e4gen 60<br \/>SE-302 41 Halmstad, Sweden<\/p>\n<p>Organisationsnummer: 556851-3153<\/p>\n<p>Stabe applies general delivery terms according to Teknikf\u00f6retagen's agreement NL09.<\/p>\n<p><strong>2. order<\/strong><br \/>You can order Stabe's products as a company or private individual via our webshop, email, telephone or visit our warehouse. You can also apply to become a contract customer with your own login and a more favourable price list at Stabe. Incoming orders are answered with an order confirmation via email. Stabe reserves the right to refuse a customer purchase. All orders are considered binding. If you have placed an order by mistake, you must therefore contact us immediately. To protect the environment, we prefer to send invoices by e-mail.<\/p>\n<p><strong>3. prices<\/strong><br \/>All prices are in Swedish kronor excluding Swedish VAT, currently 25%. Businesses outside of Sweden but within the EU do not pay VAT when they provide a valid VAT registration number. For private individuals within the EU, Swedish VAT of 25% is used. Stabe reserves the right to increase VAT and other price changes that we cannot control. A fee for shipping will be added and stated on the invoice. You can apply to become a contract customer with your own login and favourable price list at Stabe. To protect the environment, we prefer to send invoices by e-mail.<\/p>\n<p><strong>4. payment<\/strong><br \/>- Invoice (within Sweden)<br \/>Businesses in Sweden can buy against invoice, after the usual credit check. Buy today and pay within 30 days of delivery. We ask you to provide the invoice number when paying. If payment is delayed\/not made, you will be charged a penalty interest of 8%.<br \/>- PayPal<br \/>This service is obtained in case of fast transaction. Charged to 6% as an additional cost.<br \/><br \/>- Prepayment against invoice (EU and non-EU)<br \/>For new business customers within and outside the EU, we primarily apply prepayment via invoice, before the goods are sent. Countries within the EU must provide a valid VAT number to be able to trade without Swedish VAT. For agreement or questions about other payment methods, please contact Stabe.<\/p>\n<p><strong>5. delivery and shipping<\/strong><br \/>Orders are processed and delivered as quickly as possible by Stabe AB. Our normal delivery time on stocked products is 1-3 working days after receipt and confirmation of order. If you want express delivery on the same day (for a surcharge), contact Stabe. In some cases, products are delivered directly from the factory (at an additional cost). Should any of the products you have ordered have a significantly longer delivery time, we will notify you. For transport within the Nordic region, DHL Freight (Sweden) AB is normally used. For transport to other countries, UPS or FedEx\/TNT is normally used. Shipping costs will be added based on the weight and destination of the goods. See list in point 5B. Stabe can not be held responsible for delivering sold out or expired products. If an ordered product has been discontinued, an equivalent product will be offered.<\/p>\n<p><strong>5B. shipping costs<\/strong><br \/><b>Domestic parcels DHL (Sweden)<\/b><\/p>\n<p><!-- \/wp:paragraph --><\/p>\t\t\t\t\t\t\t\t<\/div>\n\t\t\t\t<\/div>\n\t\t\t\t\t<\/div>\n\t\t\t\t<\/div>\n\t\t<div class=\"elementor-element elementor-element-18e3506 e-flex e-con-boxed e-con e-parent\" data-id=\"18e3506\" data-element_type=\"container\" data-e-type=\"container\">\n\t\t\t\t\t<div class=\"e-con-inner\">\n\t\t<div class=\"elementor-element elementor-element-4115ad7 e-con-full e-flex e-con e-child\" data-id=\"4115ad7\" data-element_type=\"container\" data-e-type=\"container\">\n\t\t\t\t<div class=\"elementor-element elementor-element-7a9b285 elementor-widget elementor-widget-price-list\" data-id=\"7a9b285\" data-element_type=\"widget\" data-e-type=\"widget\" data-widget_type=\"price-list.default\">\n\t\t\t\t<div class=\"elementor-widget-container\">\n\t\t\t\t\t\n\t\t<ul class=\"elementor-price-list\">\n\n\t\t\t\t\t\t\t\t\t<li class=\"elementor-price-list-item\">\t\t\t\t\n\t\t\t\t<div class=\"elementor-price-list-text\">\n\t\t\t\t\t\t\t\t\t<div class=\"elementor-price-list-header\">\n\t\t\t\t\t\t\t\t\t\t\t<span class=\"elementor-price-list-title\">\n\t\t\t\t\t\t\t<3kg\t\t\t\t\t\t<\/span>\n\t\t\t\t\t\t\t\t\t\t\t\t\t\t\t\t\t\t<span class=\"elementor-price-list-separator\"><\/span>\n\t\t\t\t\t\t\t\t\t\t\t\t\t\t\t\t\t\t\t<span class=\"elementor-price-list-price\">160 SEK<\/span>\n\t\t\t\t\t\t\t\t\t\t<\/div>\n\t\t\t\t\t\t\t\t\t\t\t\t<\/div>\n\t\t\t\t<\/li>\t\t\t\t\t\t\t\t\t\t\t\t<li class=\"elementor-price-list-item\">\t\t\t\t\n\t\t\t\t<div class=\"elementor-price-list-text\">\n\t\t\t\t\t\t\t\t\t<div class=\"elementor-price-list-header\">\n\t\t\t\t\t\t\t\t\t\t\t<span class=\"elementor-price-list-title\">\n\t\t\t\t\t\t\t3-10kg\t\t\t\t\t\t<\/span>\n\t\t\t\t\t\t\t\t\t\t\t\t\t\t\t\t\t\t<span class=\"elementor-price-list-separator\"><\/span>\n\t\t\t\t\t\t\t\t\t\t\t\t\t\t\t\t\t\t\t<span class=\"elementor-price-list-price\">195 SEK<\/span>\n\t\t\t\t\t\t\t\t\t\t<\/div>\n\t\t\t\t\t\t\t\t\t\t\t\t<\/div>\n\t\t\t\t<\/li>\t\t\t\t\t\t\t\t\t\t\t\t<li class=\"elementor-price-list-item\">\t\t\t\t\n\t\t\t\t<div class=\"elementor-price-list-text\">\n\t\t\t\t\t\t\t\t\t<div class=\"elementor-price-list-header\">\n\t\t\t\t\t\t\t\t\t\t\t<span class=\"elementor-price-list-title\">\n\t\t\t\t\t\t\t11-25\t\t\t\t\t\t<\/span>\n\t\t\t\t\t\t\t\t\t\t\t\t\t\t\t\t\t\t<span class=\"elementor-price-list-separator\"><\/span>\n\t\t\t\t\t\t\t\t\t\t\t\t\t\t\t\t\t\t\t<span class=\"elementor-price-list-price\">300 SEK<\/span>\n\t\t\t\t\t\t\t\t\t\t<\/div>\n\t\t\t\t\t\t\t\t\t\t\t\t<\/div>\n\t\t\t\t<\/li>\t\t\t\t\t\t\t\t\t\t\t\t<li class=\"elementor-price-list-item\">\t\t\t\t\n\t\t\t\t<div class=\"elementor-price-list-text\">\n\t\t\t\t\t\t\t\t\t<div class=\"elementor-price-list-header\">\n\t\t\t\t\t\t\t\t\t\t\t<span class=\"elementor-price-list-title\">\n\t\t\t\t\t\t\t26-55kg\t\t\t\t\t\t<\/span>\n\t\t\t\t\t\t\t\t\t\t\t\t\t\t\t\t\t\t<span class=\"elementor-price-list-separator\"><\/span>\n\t\t\t\t\t\t\t\t\t\t\t\t\t\t\t\t\t\t\t<span class=\"elementor-price-list-price\">570 SEK<\/span>\n\t\t\t\t\t\t\t\t\t\t<\/div>\n\t\t\t\t\t\t\t\t\t\t\t\t<\/div>\n\t\t\t\t<\/li>\t\t\t\t\t\t\t\t\t\t\t\t<li class=\"elementor-price-list-item\">\t\t\t\t\n\t\t\t\t<div class=\"elementor-price-list-text\">\n\t\t\t\t\t\t\t\t\t<div class=\"elementor-price-list-header\">\n\t\t\t\t\t\t\t\t\t\t\t<span class=\"elementor-price-list-title\">\n\t\t\t\t\t\t\t56-99kg\t\t\t\t\t\t<\/span>\n\t\t\t\t\t\t\t\t\t\t\t\t\t\t\t\t\t\t<span class=\"elementor-price-list-separator\"><\/span>\n\t\t\t\t\t\t\t\t\t\t\t\t\t\t\t\t\t\t\t<span class=\"elementor-price-list-price\">720 SEK<\/span>\n\t\t\t\t\t\t\t\t\t\t<\/div>\n\t\t\t\t\t\t\t\t\t\t\t\t<\/div>\n\t\t\t\t<\/li>\t\t\t\t\t\t\t\t\t\t\t\t<li class=\"elementor-price-list-item\">\t\t\t\t\n\t\t\t\t<div class=\"elementor-price-list-text\">\n\t\t\t\t\t\t\t\t\t<div class=\"elementor-price-list-header\">\n\t\t\t\t\t\t\t\t\t\t\t<span class=\"elementor-price-list-title\">\n\t\t\t\t\t\t\t100-199kg\t\t\t\t\t\t<\/span>\n\t\t\t\t\t\t\t\t\t\t\t\t\t\t\t\t\t\t<span class=\"elementor-price-list-separator\"><\/span>\n\t\t\t\t\t\t\t\t\t\t\t\t\t\t\t\t\t\t\t<span class=\"elementor-price-list-price\">790 SEK<\/span>\n\t\t\t\t\t\t\t\t\t\t<\/div>\n\t\t\t\t\t\t\t\t\t\t\t\t<\/div>\n\t\t\t\t<\/li>\t\t\t\t\t\t\t\t\t\t\t\t<li class=\"elementor-price-list-item\">\t\t\t\t\n\t\t\t\t<div class=\"elementor-price-list-text\">\n\t\t\t\t\t\t\t\t\t<div class=\"elementor-price-list-header\">\n\t\t\t\t\t\t\t\t\t\t\t<span class=\"elementor-price-list-title\">\n\t\t\t\t\t\t\t200-299 kg\t\t\t\t\t\t<\/span>\n\t\t\t\t\t\t\t\t\t\t\t\t\t\t\t\t\t\t<span class=\"elementor-price-list-separator\"><\/span>\n\t\t\t\t\t\t\t\t\t\t\t\t\t\t\t\t\t\t\t<span class=\"elementor-price-list-price\">1110 SEK<\/span>\n\t\t\t\t\t\t\t\t\t\t<\/div>\n\t\t\t\t\t\t\t\t\t\t\t\t<\/div>\n\t\t\t\t<\/li>\t\t\t\t\t\t\t\t\t\t\t\t<li class=\"elementor-price-list-item\">\t\t\t\t\n\t\t\t\t<div class=\"elementor-price-list-text\">\n\t\t\t\t\t\t\t\t\t<div class=\"elementor-price-list-header\">\n\t\t\t\t\t\t\t\t\t\t\t<span class=\"elementor-price-list-title\">\n\t\t\t\t\t\t\t300-399 kg\t\t\t\t\t\t<\/span>\n\t\t\t\t\t\t\t\t\t\t\t\t\t\t\t\t\t\t<span class=\"elementor-price-list-separator\"><\/span>\n\t\t\t\t\t\t\t\t\t\t\t\t\t\t\t\t\t\t\t<span class=\"elementor-price-list-price\">1310 SEK<\/span>\n\t\t\t\t\t\t\t\t\t\t<\/div>\n\t\t\t\t\t\t\t\t\t\t\t\t<\/div>\n\t\t\t\t<\/li>\t\t\t\t\t\n\t\t<\/ul>\n\n\t\t\t\t\t\t<\/div>\n\t\t\t\t<\/div>\n\t\t\t\t<div class=\"elementor-element elementor-element-bc591a0 elementor-widget elementor-widget-text-editor\" data-id=\"bc591a0\" data-element_type=\"widget\" data-e-type=\"widget\" data-widget_type=\"text-editor.default\">\n\t\t\t\t<div class=\"elementor-widget-container\">\n\t\t\t\t\t\t\t\t\t<p>Supplement for bulky parcels\/pallets.<\/p>\t\t\t\t\t\t\t\t<\/div>\n\t\t\t\t<\/div>\n\t\t\t\t<\/div>\n\t\t<div class=\"elementor-element elementor-element-eb6c1b6 e-con-full e-flex e-con e-child\" data-id=\"eb6c1b6\" data-element_type=\"container\" data-e-type=\"container\">\n\t\t\t\t<\/div>\n\t\t\t\t\t<\/div>\n\t\t\t\t<\/div>\n\t\t<div class=\"elementor-element elementor-element-d615d0e e-flex e-con-boxed e-con e-parent\" data-id=\"d615d0e\" data-element_type=\"container\" data-e-type=\"container\">\n\t\t\t\t\t<div class=\"e-con-inner\">\n\t\t\t\t<div class=\"elementor-element elementor-element-708e600 elementor-widget elementor-widget-text-editor\" data-id=\"708e600\" data-element_type=\"widget\" data-e-type=\"widget\" data-widget_type=\"text-editor.default\">\n\t\t\t\t<div class=\"elementor-widget-container\">\n\t\t\t\t\t\t\t\t\t<p><strong>DHL G service (within Sweden)<\/strong>Costs in addition to normal freight charges<\/p>\n<p><!-- \/wp:paragraph --><\/p>\t\t\t\t\t\t\t\t<\/div>\n\t\t\t\t<\/div>\n\t\t\t\t\t<\/div>\n\t\t\t\t<\/div>\n\t\t<div class=\"elementor-element elementor-element-3638be3 e-flex e-con-boxed e-con e-parent\" data-id=\"3638be3\" data-element_type=\"container\" data-e-type=\"container\">\n\t\t\t\t\t<div class=\"e-con-inner\">\n\t\t<div class=\"elementor-element elementor-element-1bff2b7 e-con-full e-flex e-con e-child\" data-id=\"1bff2b7\" data-element_type=\"container\" data-e-type=\"container\">\n\t\t\t\t<div class=\"elementor-element elementor-element-17a5507 elementor-widget elementor-widget-price-list\" data-id=\"17a5507\" data-element_type=\"widget\" data-e-type=\"widget\" data-widget_type=\"price-list.default\">\n\t\t\t\t<div class=\"elementor-widget-container\">\n\t\t\t\t\t\n\t\t<ul class=\"elementor-price-list\">\n\n\t\t\t\t\t\t\t\t\t<li class=\"elementor-price-list-item\">\t\t\t\t\n\t\t\t\t<div class=\"elementor-price-list-text\">\n\t\t\t\t\t\t\t\t\t<div class=\"elementor-price-list-header\">\n\t\t\t\t\t\t\t\t\t\t\t<span class=\"elementor-price-list-title\">\n\t\t\t\t\t\t\tG07\t\t\t\t\t\t<\/span>\n\t\t\t\t\t\t\t\t\t\t\t\t\t\t\t\t\t\t<span class=\"elementor-price-list-separator\"><\/span>\n\t\t\t\t\t\t\t\t\t\t\t\t\t\t\t\t\t\t\t<span class=\"elementor-price-list-price\">550 SEK<\/span>\n\t\t\t\t\t\t\t\t\t\t<\/div>\n\t\t\t\t\t\t\t\t\t\t\t\t\t\t\t<p class=\"elementor-price-list-description\">\n\t\t\t\t\t\t\tDelivery by 07:30\t\t\t\t\t\t<\/p>\n\t\t\t\t\t\t\t\t<\/div>\n\t\t\t\t<\/li>\t\t\t\t\t\t\t\t\t\t\t\t<li class=\"elementor-price-list-item\">\t\t\t\t\n\t\t\t\t<div class=\"elementor-price-list-text\">\n\t\t\t\t\t\t\t\t\t<div class=\"elementor-price-list-header\">\n\t\t\t\t\t\t\t\t\t\t\t<span class=\"elementor-price-list-title\">\n\t\t\t\t\t\t\tG10\t\t\t\t\t\t<\/span>\n\t\t\t\t\t\t\t\t\t\t\t\t\t\t\t\t\t\t<span class=\"elementor-price-list-separator\"><\/span>\n\t\t\t\t\t\t\t\t\t\t\t\t\t\t\t\t\t\t\t<span class=\"elementor-price-list-price\">340 SEK<\/span>\n\t\t\t\t\t\t\t\t\t\t<\/div>\n\t\t\t\t\t\t\t\t\t\t\t\t\t\t\t<p class=\"elementor-price-list-description\">\n\t\t\t\t\t\t\tDelivery by 10:00 am\t\t\t\t\t\t<\/p>\n\t\t\t\t\t\t\t\t<\/div>\n\t\t\t\t<\/li>\t\t\t\t\t\t\t\t\t\t\t\t<li class=\"elementor-price-list-item\">\t\t\t\t\n\t\t\t\t<div class=\"elementor-price-list-text\">\n\t\t\t\t\t\t\t\t\t<div class=\"elementor-price-list-header\">\n\t\t\t\t\t\t\t\t\t\t\t<span class=\"elementor-price-list-title\">\n\t\t\t\t\t\t\tG12\t\t\t\t\t\t<\/span>\n\t\t\t\t\t\t\t\t\t\t\t\t\t\t\t\t\t\t<span class=\"elementor-price-list-separator\"><\/span>\n\t\t\t\t\t\t\t\t\t\t\t\t\t\t\t\t\t\t\t<span class=\"elementor-price-list-price\">285 SEK<\/span>\n\t\t\t\t\t\t\t\t\t\t<\/div>\n\t\t\t\t\t\t\t\t\t\t\t\t\t\t\t<p class=\"elementor-price-list-description\">\n\t\t\t\t\t\t\tDelivery by 12:00 noon\t\t\t\t\t\t<\/p>\n\t\t\t\t\t\t\t\t<\/div>\n\t\t\t\t<\/li>\t\t\t\t\t\n\t\t<\/ul>\n\n\t\t\t\t\t\t<\/div>\n\t\t\t\t<\/div>\n\t\t\t\t<div class=\"elementor-element elementor-element-783bdb4 elementor-widget elementor-widget-text-editor\" data-id=\"783bdb4\" data-element_type=\"widget\" data-e-type=\"widget\" data-widget_type=\"text-editor.default\">\n\t\t\t\t<div class=\"elementor-widget-container\">\n\t\t\t\t\t\t\t\t\t<p>Supplement for bulky parcels\/pallets.<\/p>\t\t\t\t\t\t\t\t<\/div>\n\t\t\t\t<\/div>\n\t\t\t\t<\/div>\n\t\t<div class=\"elementor-element elementor-element-66c3a2d e-con-full e-flex e-con e-child\" data-id=\"66c3a2d\" data-element_type=\"container\" data-e-type=\"container\">\n\t\t\t\t<\/div>\n\t\t\t\t\t<\/div>\n\t\t\t\t<\/div>\n\t\t<div class=\"elementor-element elementor-element-dd452fa e-flex e-con-boxed e-con e-parent\" data-id=\"dd452fa\" data-element_type=\"container\" data-e-type=\"container\">\n\t\t\t\t\t<div class=\"e-con-inner\">\n\t\t\t\t<div class=\"elementor-element elementor-element-91a5bcb elementor-widget elementor-widget-text-editor\" data-id=\"91a5bcb\" data-element_type=\"widget\" data-e-type=\"widget\" data-widget_type=\"text-editor.default\">\n\t\t\t\t<div class=\"elementor-widget-container\">\n\t\t\t\t\t\t\t\t\t<p><strong>International parcels TNT (outside Sweden)\u00a0<\/strong><br \/>Shipping cost will be added depending on weight.<\/p>\n<p><!-- \/wp:paragraph --><\/p>\t\t\t\t\t\t\t\t<\/div>\n\t\t\t\t<\/div>\n\t\t\t\t\t<\/div>\n\t\t\t\t<\/div>\n\t\t<div class=\"elementor-element elementor-element-e0a27f5 e-flex e-con-boxed e-con e-parent\" data-id=\"e0a27f5\" data-element_type=\"container\" data-e-type=\"container\">\n\t\t\t\t\t<div class=\"e-con-inner\">\n\t\t\t\t<div class=\"elementor-element elementor-element-641a0f5 elementor-widget elementor-widget-text-editor\" data-id=\"641a0f5\" data-element_type=\"widget\" data-e-type=\"widget\" data-widget_type=\"text-editor.default\">\n\t\t\t\t<div class=\"elementor-widget-container\">\n\t\t\t\t\t\t\t\t\t<p><strong>6. delay in delivery<\/strong><br \/>If delivery is delayed for any reason, we will contact you. Of course, we will do everything we can to deliver your order as quickly as possible. However, you as a customer have the right to cancel the purchase in the event of extensive delivery delays.<br \/>Situations may arise that make it impossible for us to fulfil an order, for example if our suppliers cannot fulfil their commitments to us. Stabe reserves the right to disclaim compensation to the customer in such situations or in case of delivery delays.<br \/><b>Important!<\/b>\u00a0In rare cases, freight companies lose letters and parcels. We do not reimburse these.<\/p>\n<p><strong>7. guarantee<\/strong><br \/>We want all our customers to be 100% satisfied with their purchase. If you have a problem with a product, please contact us. Normally, the customer is responsible for shipping costs to the service centre. The invoice for the paid product is valid as a guarantee note, and is saved in our invoice system. Stabe provides a warranty according to our suppliers' terms and conditions, which normally means at least one year's warranty. Repaired units are covered by a 3-month warranty.<\/p>\n<p><strong>8. open purchase \/ right of cancellation<\/strong><br \/>The customer must contact a salesperson at Stabe AB to see if it is possible to cancel the purchase. If the item is a standard stock product, it is usually possible to get a full refund. This applies if the packaging is unbroken and the customer has contacted us within 14 days of delivery. In the case of broken packaging or special orders, special conditions apply, contact Stabe AB. The buyer is responsible for delivery and return costs.\u00a0<\/p>\n<p><strong>9 Complaints<\/strong><br \/>Stabe applies Teknikf\u00f6retagen's agreement NL09 for complaints. Contact Stabe as soon as possible.<\/p>\n<p><strong>10. Reservations<\/strong><br \/>Stabe reserves the right to make errors in the content and price lists on the website and in the online shop.<\/p>\n<p><strong>11. cookies<\/strong><br \/>The Electronic Communications Act, which came into force on 25 July 2003, requires that anyone visiting a website be informed if cookies are used. When you visit this website, cookies are stored on your computer. These cookies are called session cookies and are used to keep track of your login (if you are logged in) and your shopping basket when you shop. Session cookies are not stored for a long time on your computer, but disappear when you close your browser.<\/p>\n<p>If you do not accept the use of cookies, you can set your browser to automatically refuse cookies or to inform you if a website uses cookies. If you turn off cookies, you will not be able to shop, as the shopping basket and login require cookies to work. However, you can browse the online shop without having cookies enabled.<\/p>\n<p><strong>12 Stabe protects your personal data according to GDPR<\/strong><br \/>It is important to us at Stabe that you feel safe with how we handle your personal data. That is why we are open about how we collect, process and share the data we save with us. Our goal is to create the best possible experience for you as a customer at Stabe. We therefore need your personal data so that you can, among other things, log in to our web shop and receive our newsletters.  We never sell or disclose your personal data or email addresses to companies or organisations outside Stabe without your consent.<\/p>\n<p>The GDPR means that you, as a customer, have the right to order a register extract with your personal data from Stabe.<\/p>\n<p>If you wish to unsubscribe from our newsletter, please do so via the link at the bottom of the newsletter. If you want to register your email address to receive our newsletter, please do so in the footer at the bottom right of the website. You can also shop as an anonymous customer.<\/p>\n<p><a href=\"https:\/\/www.imy.se\/verksamhet\/dataskydd\/\" target=\"_blank\" rel=\"noopener\">Read more about the General Data Protection Regulation (GDPR)<\/a><\/p>\n<p><a href=\"https:\/\/stabe.se\/en\/kontakt\/\">Contact Stabe<\/a><\/p>\n<p><!-- \/wp:paragraph --><\/p>\t\t\t\t\t\t\t\t<\/div>\n\t\t\t\t<\/div>\n\t\t\t\t\t<\/div>\n\t\t\t\t<\/div>\n\t\t<div class=\"elementor-element elementor-element-55df1ba e-flex e-con-boxed e-con e-parent\" data-id=\"55df1ba\" data-element_type=\"container\" data-e-type=\"container\">\n\t\t\t\t\t<div class=\"e-con-inner\">\n\t\t\t\t\t<\/div>\n\t\t\t\t<\/div>\t\t<\/div>","protected":false},"excerpt":{"rendered":"<p>K\u00f6pvillkor 1. Allm\u00e4nna villkorStabes webbshop drivs av Stabe Drives ABKarlsrov\u00e4gen 60SE-302 41 Halmstad, Sverige Organisationsnummer: 556851-3153 Stabe till\u00e4mpar allm\u00e4nna leveransbest\u00e4mmelser enligt Teknikf\u00f6retagens avtal NL09. 2. Best\u00e4llningBest\u00e4llning av Stabes produkter kan g\u00f6ras som f\u00f6retag eller privatperson via v\u00e5r webbshop, mail, telefon eller bes\u00f6k i v\u00e5rt lager. Du kan \u00e4ven ans\u00f6ka om att bli avtalskund med egen [&hellip;]<\/p>","protected":false},"author":1,"featured_media":0,"parent":0,"menu_order":0,"comment_status":"closed","ping_status":"closed","template":"","meta":{"_acf_changed":false,"footnotes":""},"class_list":["post-23","page","type-page","status-publish","hentry"],"acf":[],"_links":{"self":[{"href":"https:\/\/stabe.se\/en\/wp-json\/wp\/v2\/pages\/23","targetHints":{"allow":["GET"]}}],"collection":[{"href":"https:\/\/stabe.se\/en\/wp-json\/wp\/v2\/pages"}],"about":[{"href":"https:\/\/stabe.se\/en\/wp-json\/wp\/v2\/types\/page"}],"author":[{"embeddable":true,"href":"https:\/\/stabe.se\/en\/wp-json\/wp\/v2\/users\/1"}],"replies":[{"embeddable":true,"href":"https:\/\/stabe.se\/en\/wp-json\/wp\/v2\/comments?post=23"}],"version-history":[{"count":0,"href":"https:\/\/stabe.se\/en\/wp-json\/wp\/v2\/pages\/23\/revisions"}],"wp:attachment":[{"href":"https:\/\/stabe.se\/en\/wp-json\/wp\/v2\/media?parent=23"}],"curies":[{"name":"wp","href":"https:\/\/api.w.org\/{rel}","templated":true}]}}