{"id":22,"date":"2025-04-04T10:00:13","date_gmt":"2025-04-04T08:00:13","guid":{"rendered":"https:\/\/rqxyq.beeweb-yellow.io\/mitt-konto\/"},"modified":"2026-03-24T14:42:06","modified_gmt":"2026-03-24T13:42:06","slug":"mitt-konto","status":"publish","type":"page","link":"https:\/\/stabe.se\/en\/mitt-konto\/","title":{"rendered":"Mitt konto"},"content":{"rendered":"<div data-elementor-type=\"wp-page\" data-elementor-id=\"22\" class=\"elementor elementor-22\" data-elementor-post-type=\"page\">\n\t\t\t\t<div class=\"elementor-element elementor-element-6f9d7d2 e-flex e-con-boxed e-con e-parent\" data-id=\"6f9d7d2\" data-element_type=\"container\" data-e-type=\"container\">\n\t\t\t\t\t<div class=\"e-con-inner\">\n\t\t\t\t<div class=\"elementor-element elementor-element-10c1f7f e-my-account-tabs-vertical elementor-widget elementor-widget-woocommerce-my-account\" data-id=\"10c1f7f\" data-element_type=\"widget\" data-e-type=\"widget\" data-widget_type=\"woocommerce-my-account.default\">\n\t\t\t\t<div class=\"elementor-widget-container\">\n\t\t\t\t\t<div class=\"e-my-account-tab e-my-account-tab__\">\t\t\t<div class=\"woocommerce\"><\/div>\t\t<\/div>\n\t\t\t\t\t\t<\/div>\n\t\t\t\t<\/div>\n\t\t\t\t\t<\/div>\n\t\t\t\t<\/div>\n\t\t\t\t<\/div>","protected":false},"excerpt":{"rendered":"<p>Adminpanel Best\u00e4llningar Nedladdningar Adresser Kontouppgifter Logga ut Hej fredagmorgon (inte fredagmorgon? Logga ut) Fr\u00e5n din kontopanel kan du se dina senaste best\u00e4llningar, hantera dina leverans- och faktureringsadresser samt redigera ditt l\u00f6senord och kontouppgifter.<\/p>","protected":false},"author":1,"featured_media":0,"parent":0,"menu_order":0,"comment_status":"closed","ping_status":"closed","template":"","meta":{"_acf_changed":false,"footnotes":""},"class_list":["post-22","page","type-page","status-publish","hentry"],"acf":[],"_links":{"self":[{"href":"https:\/\/stabe.se\/en\/wp-json\/wp\/v2\/pages\/22","targetHints":{"allow":["GET"]}}],"collection":[{"href":"https:\/\/stabe.se\/en\/wp-json\/wp\/v2\/pages"}],"about":[{"href":"https:\/\/stabe.se\/en\/wp-json\/wp\/v2\/types\/page"}],"author":[{"embeddable":true,"href":"https:\/\/stabe.se\/en\/wp-json\/wp\/v2\/users\/1"}],"replies":[{"embeddable":true,"href":"https:\/\/stabe.se\/en\/wp-json\/wp\/v2\/comments?post=22"}],"version-history":[{"count":3,"href":"https:\/\/stabe.se\/en\/wp-json\/wp\/v2\/pages\/22\/revisions"}],"predecessor-version":[{"id":15093,"href":"https:\/\/stabe.se\/en\/wp-json\/wp\/v2\/pages\/22\/revisions\/15093"}],"wp:attachment":[{"href":"https:\/\/stabe.se\/en\/wp-json\/wp\/v2\/media?parent=22"}],"curies":[{"name":"wp","href":"https:\/\/api.w.org\/{rel}","templated":true}]}}